{"id":2562,"date":"2025-01-16T21:38:58","date_gmt":"2025-01-16T20:38:58","guid":{"rendered":"https:\/\/epte.es\/training\/"},"modified":"2025-02-26T11:25:23","modified_gmt":"2025-02-26T10:25:23","slug":"training","status":"publish","type":"page","link":"https:\/\/epte.es\/en\/training\/","title":{"rendered":"Training"},"content":{"rendered":"\t\t<div data-elementor-type=\"wp-page\" data-elementor-id=\"2562\" class=\"elementor elementor-2562 elementor-1093\" data-elementor-post-type=\"page\">\n\t\t\t\t\t\t<section class=\"elementor-section elementor-top-section elementor-element elementor-element-48b232d8 elementor-section-boxed elementor-section-height-default elementor-section-height-default\" data-id=\"48b232d8\" data-element_type=\"section\" data-e-type=\"section\" data-settings=\"{&quot;background_background&quot;:&quot;classic&quot;}\">\n\t\t\t\t\t\t\t<div class=\"elementor-background-overlay\"><\/div>\n\t\t\t\t\t\t\t<div class=\"elementor-container elementor-column-gap-default\">\n\t\t\t\t\t<div class=\"elementor-column elementor-col-50 elementor-top-column elementor-element elementor-element-5386da1b\" data-id=\"5386da1b\" data-element_type=\"column\" data-e-type=\"column\">\n\t\t\t<div class=\"elementor-widget-wrap elementor-element-populated\">\n\t\t\t\t\t\t<div class=\"elementor-element elementor-element-7ed6df8d elementor-widget elementor-widget-elementskit-heading\" data-id=\"7ed6df8d\" data-element_type=\"widget\" data-e-type=\"widget\" data-widget_type=\"elementskit-heading.default\">\n\t\t\t\t<div class=\"elementor-widget-container\">\n\t\t\t\t\t<div class=\"ekit-wid-con\" ><div class=\"ekit-heading elementskit-section-title-wraper text_left   ekit_heading_tablet-   ekit_heading_mobile-\"><h1 class=\"ekit-heading--title elementskit-section-title \">Training<\/h1>\t\t\t\t<div class='ekit-heading__description'>\n\t\t\t\t\t<p>Since 2015, we at Ionclinics have been committed to providing high quality training aimed at healthcare professionals. Our goal is to help them advance their careers and improve the treatments they offer to their patients.<br \/>All of our training is provided by experts in the healthcare industry, with extensive experience in both invasive and non-invasive techniques and a solid professional track record.<\/p>\n\t\t\t\t<\/div>\n\t\t\t<\/div><\/div>\t\t\t\t<\/div>\n\t\t\t\t<\/div>\n\t\t\t\t\t<\/div>\n\t\t<\/div>\n\t\t\t\t<div class=\"elementor-column elementor-col-50 elementor-top-column elementor-element elementor-element-37fad7\" data-id=\"37fad7\" data-element_type=\"column\" data-e-type=\"column\">\n\t\t\t<div class=\"elementor-widget-wrap\">\n\t\t\t\t\t\t\t<\/div>\n\t\t<\/div>\n\t\t\t\t\t<\/div>\n\t\t<\/section>\n\t\t<div class=\"elementor-element elementor-element-73b89874 e-con-full e-flex e-con e-parent\" data-id=\"73b89874\" data-element_type=\"container\" data-e-type=\"container\" data-settings=\"{&quot;background_background&quot;:&quot;classic&quot;}\">\n\t\t<div class=\"elementor-element elementor-element-4125e8bc e-flex e-con-boxed e-con e-child\" data-id=\"4125e8bc\" data-element_type=\"container\" data-e-type=\"container\">\n\t\t\t\t\t<div class=\"e-con-inner\">\n\t\t\t\t<div class=\"elementor-element elementor-element-261e859e elementor-skin-slideshow elementor-widget elementor-widget-media-carousel\" data-id=\"261e859e\" data-element_type=\"widget\" data-e-type=\"widget\" data-settings=\"{&quot;skin&quot;:&quot;slideshow&quot;,&quot;slideshow_slides_per_view&quot;:&quot;6&quot;,&quot;space_between&quot;:{&quot;unit&quot;:&quot;px&quot;,&quot;size&quot;:14,&quot;sizes&quot;:[]},&quot;effect&quot;:&quot;slide&quot;,&quot;speed&quot;:500,&quot;autoplay&quot;:&quot;yes&quot;,&quot;autoplay_speed&quot;:5000,&quot;loop&quot;:&quot;yes&quot;,&quot;pause_on_hover&quot;:&quot;yes&quot;,&quot;pause_on_interaction&quot;:&quot;yes&quot;,&quot;space_between_tablet&quot;:{&quot;unit&quot;:&quot;px&quot;,&quot;size&quot;:10,&quot;sizes&quot;:[]},&quot;space_between_mobile&quot;:{&quot;unit&quot;:&quot;px&quot;,&quot;size&quot;:10,&quot;sizes&quot;:[]}}\" data-widget_type=\"media-carousel.default\">\n\t\t\t\t<div class=\"elementor-widget-container\">\n\t\t\t\t\t\t\t\t\t<div class=\"elementor-swiper\">\n\t\t\t\t\t<div class=\"elementor-main-swiper swiper\" role=\"region\" aria-roledescription=\"carousel\" aria-label=\"Diapositivas\">\n\t\t\t\t<div class=\"swiper-wrapper\">\n\t\t\t\t\t\t\t\t\t\t\t<div class=\"swiper-slide\" role=\"group\" aria-roledescription=\"slide\">\n\t\t\t\t\t\t\t\t\t<div class=\"elementor-carousel-image\" role=\"img\" aria-label=\"alumnos y profesor en clase del  Curso  EPTE\u00ae\" style=\"background-image: url(&#039;https:\/\/epte.es\/wp-content\/uploads\/2025\/01\/88A7314-1.jpg&#039;)\">\n\n\t\t\t\n\t\t\t\t\t<\/div>\n\t\t\t\t\t\t\t\t<\/div>\n\t\t\t\t\t\t\t\t\t\t\t<div class=\"swiper-slide\" role=\"group\" aria-roledescription=\"slide\">\n\t\t\t\t\t\t\t\t\t<div class=\"elementor-carousel-image\" role=\"img\" aria-label=\"alumnos en Curso  EPTE\u00ae\" style=\"background-image: url(&#039;https:\/\/epte.es\/wp-content\/uploads\/2025\/01\/88A7264-2.jpg&#039;)\">\n\n\t\t\t\n\t\t\t\t\t<\/div>\n\t\t\t\t\t\t\t\t<\/div>\n\t\t\t\t\t\t\t\t\t\t\t<div class=\"swiper-slide\" role=\"group\" aria-roledescription=\"slide\">\n\t\t\t\t\t\t\t\t\t<div class=\"elementor-carousel-image\" role=\"img\" aria-label=\"Profesor con alumno en curso formaci\u00f3n Ionclinic\" style=\"background-image: url(&#039;https:\/\/epte.es\/wp-content\/uploads\/2025\/01\/88A7438.jpg&#039;)\">\n\n\t\t\t\n\t\t\t\t\t<\/div>\n\t\t\t\t\t\t\t\t<\/div>\n\t\t\t\t\t\t\t\t\t\t\t<div class=\"swiper-slide\" role=\"group\" aria-roledescription=\"slide\">\n\t\t\t\t\t\t\t\t\t<div class=\"elementor-carousel-image\" role=\"img\" aria-label=\"equipo m\u00e9dico aplicando la Neuromodulaci\u00f3n percut\u00e1nea NMP\" style=\"background-image: url(&#039;https:\/\/epte.es\/wp-content\/uploads\/2025\/01\/JBR8440.webp&#039;)\">\n\n\t\t\t\n\t\t\t\t\t<\/div>\n\t\t\t\t\t\t\t\t<\/div>\n\t\t\t\t\t\t\t\t\t\t\t<div class=\"swiper-slide\" role=\"group\" aria-roledescription=\"slide\">\n\t\t\t\t\t\t\t\t\t<div class=\"elementor-carousel-image\" role=\"img\" aria-label=\"Alumnos en cursos de formaci\u00f3n de Ionclinics\" style=\"background-image: url(&#039;https:\/\/epte.es\/wp-content\/uploads\/2025\/01\/88A7340.jpg&#039;)\">\n\n\t\t\t\n\t\t\t\t\t<\/div>\n\t\t\t\t\t\t\t\t<\/div>\n\t\t\t\t\t\t\t\t\t\t\t<div class=\"swiper-slide\" role=\"group\" aria-roledescription=\"slide\">\n\t\t\t\t\t\t\t\t\t<div class=\"elementor-carousel-image\" role=\"img\" aria-label=\"Profesor con alumno en curso formaci\u00f3n Ionclinic\" style=\"background-image: url(&#039;https:\/\/epte.es\/wp-content\/uploads\/2025\/01\/88A7476.jpg&#039;)\">\n\n\t\t\t\n\t\t\t\t\t<\/div>\n\t\t\t\t\t\t\t\t<\/div>\n\t\t\t\t\t\t\t\t\t<\/div>\n\t\t\t\t\t\t\t\t\t\t\t\t\t\t\t\t\t\t\t\t\t<\/div>\n\t\t\t\t<\/div>\n\t\t\t\t\t\t\t\t<div class=\"elementor-swiper\">\n\t\t\t\t\t<div class=\"elementor-main-swiper swiper elementor-thumbnails-swiper swiper\" role=\"region region\" aria-roledescription=\"carousel carousel\" aria-label=\"Diapositivas Diapositivas\">\n\t\t\t\t<div class=\"swiper-wrapper\">\n\t\t\t\t\t\t\t\t\t\t\t<div class=\"swiper-slide\" role=\"group\" aria-roledescription=\"slide\">\n\t\t\t\t\t\t\t\t\t<div class=\"elementor-carousel-image\" role=\"img\" aria-label=\"alumnos y profesor en clase del  Curso  EPTE\u00ae\" style=\"background-image: url(&#039;https:\/\/epte.es\/wp-content\/uploads\/2025\/01\/88A7314-1.jpg&#039;)\">\n\n\t\t\t\n\t\t\t\t\t<\/div>\n\t\t\t\t\t\t\t\t<\/div>\n\t\t\t\t\t\t\t\t\t\t\t<div class=\"swiper-slide\" role=\"group\" aria-roledescription=\"slide\">\n\t\t\t\t\t\t\t\t\t<div class=\"elementor-carousel-image\" role=\"img\" aria-label=\"alumnos en Curso  EPTE\u00ae\" style=\"background-image: url(&#039;https:\/\/epte.es\/wp-content\/uploads\/2025\/01\/88A7264-2.jpg&#039;)\">\n\n\t\t\t\n\t\t\t\t\t<\/div>\n\t\t\t\t\t\t\t\t<\/div>\n\t\t\t\t\t\t\t\t\t\t\t<div class=\"swiper-slide\" role=\"group\" aria-roledescription=\"slide\">\n\t\t\t\t\t\t\t\t\t<div class=\"elementor-carousel-image\" role=\"img\" aria-label=\"Profesor con alumno en curso formaci\u00f3n Ionclinic\" style=\"background-image: url(&#039;https:\/\/epte.es\/wp-content\/uploads\/2025\/01\/88A7438.jpg&#039;)\">\n\n\t\t\t\n\t\t\t\t\t<\/div>\n\t\t\t\t\t\t\t\t<\/div>\n\t\t\t\t\t\t\t\t\t\t\t<div class=\"swiper-slide\" role=\"group\" aria-roledescription=\"slide\">\n\t\t\t\t\t\t\t\t\t<div class=\"elementor-carousel-image\" role=\"img\" aria-label=\"equipo m\u00e9dico aplicando la Neuromodulaci\u00f3n percut\u00e1nea NMP\" style=\"background-image: url(&#039;https:\/\/epte.es\/wp-content\/uploads\/2025\/01\/JBR8440.webp&#039;)\">\n\n\t\t\t\n\t\t\t\t\t<\/div>\n\t\t\t\t\t\t\t\t<\/div>\n\t\t\t\t\t\t\t\t\t\t\t<div class=\"swiper-slide\" role=\"group\" aria-roledescription=\"slide\">\n\t\t\t\t\t\t\t\t\t<div class=\"elementor-carousel-image\" role=\"img\" aria-label=\"Alumnos en cursos de formaci\u00f3n de Ionclinics\" style=\"background-image: url(&#039;https:\/\/epte.es\/wp-content\/uploads\/2025\/01\/88A7340.jpg&#039;)\">\n\n\t\t\t\n\t\t\t\t\t<\/div>\n\t\t\t\t\t\t\t\t<\/div>\n\t\t\t\t\t\t\t\t\t\t\t<div class=\"swiper-slide\" role=\"group\" aria-roledescription=\"slide\">\n\t\t\t\t\t\t\t\t\t<div class=\"elementor-carousel-image\" role=\"img\" aria-label=\"Profesor con alumno en curso formaci\u00f3n Ionclinic\" style=\"background-image: url(&#039;https:\/\/epte.es\/wp-content\/uploads\/2025\/01\/88A7476.jpg&#039;)\">\n\n\t\t\t\n\t\t\t\t\t<\/div>\n\t\t\t\t\t\t\t\t<\/div>\n\t\t\t\t\t\t\t\t\t<\/div>\n\t\t\t\t\t\t\t\t\t\t\t\t\t\t\t\t\t\t\t\t\t<\/div>\n\t\t\t\t<\/div>\n\t\t\t\t\t\t\t\t<\/div>\n\t\t\t\t<\/div>\n\t\t\t\t\t<\/div>\n\t\t\t\t<\/div>\n\t\t\t\t<\/div>\n\t\t\t\t<\/div>\n\t\t","protected":false},"excerpt":{"rendered":"<p>Training Since 2015, we at Ionclinics have been committed to providing high quality training aimed at healthcare professionals. Our goal is to help them advance their careers and improve the treatments they offer to their patients.All of our training is provided by experts in the healthcare industry, with extensive experience in both invasive and non-invasive [&hellip;]<\/p>\n","protected":false},"author":1,"featured_media":0,"parent":0,"menu_order":0,"comment_status":"closed","ping_status":"closed","template":"","meta":{"footnotes":""},"class_list":["post-2562","page","type-page","status-publish","hentry"],"yoast_head":"<!-- This site is optimized with the Yoast SEO plugin v27.4 - https:\/\/yoast.com\/product\/yoast-seo-wordpress\/ -->\n<title>Courses for health professionals. Ionclinics<\/title>\n<meta name=\"description\" content=\"We offer courses for healthcare professionals, taught by experts in the health sector. Improve your patients&#039; treatments!\" \/>\n<meta name=\"robots\" content=\"index, follow, max-snippet:-1, max-image-preview:large, max-video-preview:-1\" \/>\n<link rel=\"canonical\" href=\"https:\/\/epte.es\/en\/training\/\" \/>\n<meta property=\"og:locale\" content=\"en_US\" \/>\n<meta property=\"og:type\" content=\"article\" \/>\n<meta property=\"og:title\" content=\"Courses for health professionals. Ionclinics\" \/>\n<meta property=\"og:description\" content=\"We offer courses for healthcare professionals, taught by experts in the health sector. Improve your patients&#039; treatments!\" \/>\n<meta property=\"og:url\" content=\"https:\/\/epte.es\/en\/training\/\" \/>\n<meta property=\"og:site_name\" content=\"EPTE\" \/>\n<meta property=\"article:modified_time\" content=\"2025-02-26T10:25:23+00:00\" \/>\n<meta name=\"twitter:card\" content=\"summary_large_image\" \/>\n<script type=\"application\/ld+json\" class=\"yoast-schema-graph\">{\"@context\":\"https:\\\/\\\/schema.org\",\"@graph\":[{\"@type\":\"WebPage\",\"@id\":\"https:\\\/\\\/epte.es\\\/en\\\/training\\\/\",\"url\":\"https:\\\/\\\/epte.es\\\/en\\\/training\\\/\",\"name\":\"Courses for health professionals. Ionclinics\",\"isPartOf\":{\"@id\":\"https:\\\/\\\/epte.es\\\/en\\\/#website\"},\"datePublished\":\"2025-01-16T20:38:58+00:00\",\"dateModified\":\"2025-02-26T10:25:23+00:00\",\"description\":\"We offer courses for healthcare professionals, taught by experts in the health sector. Improve your patients' treatments!\",\"breadcrumb\":{\"@id\":\"https:\\\/\\\/epte.es\\\/en\\\/training\\\/#breadcrumb\"},\"inLanguage\":\"en-US\",\"potentialAction\":[{\"@type\":\"ReadAction\",\"target\":[\"https:\\\/\\\/epte.es\\\/en\\\/training\\\/\"]}]},{\"@type\":\"BreadcrumbList\",\"@id\":\"https:\\\/\\\/epte.es\\\/en\\\/training\\\/#breadcrumb\",\"itemListElement\":[{\"@type\":\"ListItem\",\"position\":1,\"name\":\"Portada\",\"item\":\"https:\\\/\\\/epte.es\\\/en\\\/\"},{\"@type\":\"ListItem\",\"position\":2,\"name\":\"Training\"}]},{\"@type\":\"WebSite\",\"@id\":\"https:\\\/\\\/epte.es\\\/en\\\/#website\",\"url\":\"https:\\\/\\\/epte.es\\\/en\\\/\",\"name\":\"EPTE\",\"description\":\"\",\"publisher\":{\"@id\":\"https:\\\/\\\/epte.es\\\/en\\\/#organization\"},\"potentialAction\":[{\"@type\":\"SearchAction\",\"target\":{\"@type\":\"EntryPoint\",\"urlTemplate\":\"https:\\\/\\\/epte.es\\\/en\\\/?s={search_term_string}\"},\"query-input\":{\"@type\":\"PropertyValueSpecification\",\"valueRequired\":true,\"valueName\":\"search_term_string\"}}],\"inLanguage\":\"en-US\"},{\"@type\":\"Organization\",\"@id\":\"https:\\\/\\\/epte.es\\\/en\\\/#organization\",\"name\":\"EPTE\",\"url\":\"https:\\\/\\\/epte.es\\\/en\\\/\",\"logo\":{\"@type\":\"ImageObject\",\"inLanguage\":\"en-US\",\"@id\":\"https:\\\/\\\/epte.es\\\/en\\\/#\\\/schema\\\/logo\\\/image\\\/\",\"url\":\"https:\\\/\\\/epte.es\\\/wp-content\\\/uploads\\\/2024\\\/10\\\/Diseno-sin-titulo-11.jpg\",\"contentUrl\":\"https:\\\/\\\/epte.es\\\/wp-content\\\/uploads\\\/2024\\\/10\\\/Diseno-sin-titulo-11.jpg\",\"width\":406,\"height\":126,\"caption\":\"EPTE\"},\"image\":{\"@id\":\"https:\\\/\\\/epte.es\\\/en\\\/#\\\/schema\\\/logo\\\/image\\\/\"}}]}<\/script>\n<!-- \/ Yoast SEO plugin. -->","yoast_head_json":{"title":"Courses for health professionals. Ionclinics","description":"We offer courses for healthcare professionals, taught by experts in the health sector. Improve your patients' treatments!","robots":{"index":"index","follow":"follow","max-snippet":"max-snippet:-1","max-image-preview":"max-image-preview:large","max-video-preview":"max-video-preview:-1"},"canonical":"https:\/\/epte.es\/en\/training\/","og_locale":"en_US","og_type":"article","og_title":"Courses for health professionals. Ionclinics","og_description":"We offer courses for healthcare professionals, taught by experts in the health sector. Improve your patients' treatments!","og_url":"https:\/\/epte.es\/en\/training\/","og_site_name":"EPTE","article_modified_time":"2025-02-26T10:25:23+00:00","twitter_card":"summary_large_image","schema":{"@context":"https:\/\/schema.org","@graph":[{"@type":"WebPage","@id":"https:\/\/epte.es\/en\/training\/","url":"https:\/\/epte.es\/en\/training\/","name":"Courses for health professionals. Ionclinics","isPartOf":{"@id":"https:\/\/epte.es\/en\/#website"},"datePublished":"2025-01-16T20:38:58+00:00","dateModified":"2025-02-26T10:25:23+00:00","description":"We offer courses for healthcare professionals, taught by experts in the health sector. Improve your patients' treatments!","breadcrumb":{"@id":"https:\/\/epte.es\/en\/training\/#breadcrumb"},"inLanguage":"en-US","potentialAction":[{"@type":"ReadAction","target":["https:\/\/epte.es\/en\/training\/"]}]},{"@type":"BreadcrumbList","@id":"https:\/\/epte.es\/en\/training\/#breadcrumb","itemListElement":[{"@type":"ListItem","position":1,"name":"Portada","item":"https:\/\/epte.es\/en\/"},{"@type":"ListItem","position":2,"name":"Training"}]},{"@type":"WebSite","@id":"https:\/\/epte.es\/en\/#website","url":"https:\/\/epte.es\/en\/","name":"EPTE","description":"","publisher":{"@id":"https:\/\/epte.es\/en\/#organization"},"potentialAction":[{"@type":"SearchAction","target":{"@type":"EntryPoint","urlTemplate":"https:\/\/epte.es\/en\/?s={search_term_string}"},"query-input":{"@type":"PropertyValueSpecification","valueRequired":true,"valueName":"search_term_string"}}],"inLanguage":"en-US"},{"@type":"Organization","@id":"https:\/\/epte.es\/en\/#organization","name":"EPTE","url":"https:\/\/epte.es\/en\/","logo":{"@type":"ImageObject","inLanguage":"en-US","@id":"https:\/\/epte.es\/en\/#\/schema\/logo\/image\/","url":"https:\/\/epte.es\/wp-content\/uploads\/2024\/10\/Diseno-sin-titulo-11.jpg","contentUrl":"https:\/\/epte.es\/wp-content\/uploads\/2024\/10\/Diseno-sin-titulo-11.jpg","width":406,"height":126,"caption":"EPTE"},"image":{"@id":"https:\/\/epte.es\/en\/#\/schema\/logo\/image\/"}}]}},"_links":{"self":[{"href":"https:\/\/epte.es\/en\/wp-json\/wp\/v2\/pages\/2562","targetHints":{"allow":["GET"]}}],"collection":[{"href":"https:\/\/epte.es\/en\/wp-json\/wp\/v2\/pages"}],"about":[{"href":"https:\/\/epte.es\/en\/wp-json\/wp\/v2\/types\/page"}],"author":[{"embeddable":true,"href":"https:\/\/epte.es\/en\/wp-json\/wp\/v2\/users\/1"}],"replies":[{"embeddable":true,"href":"https:\/\/epte.es\/en\/wp-json\/wp\/v2\/comments?post=2562"}],"version-history":[{"count":1,"href":"https:\/\/epte.es\/en\/wp-json\/wp\/v2\/pages\/2562\/revisions"}],"predecessor-version":[{"id":2563,"href":"https:\/\/epte.es\/en\/wp-json\/wp\/v2\/pages\/2562\/revisions\/2563"}],"wp:attachment":[{"href":"https:\/\/epte.es\/en\/wp-json\/wp\/v2\/media?parent=2562"}],"curies":[{"name":"wp","href":"https:\/\/api.w.org\/{rel}","templated":true}]}}