{"id":2557,"date":"2025-01-17T13:57:35","date_gmt":"2025-01-17T12:57:35","guid":{"rendered":"https:\/\/epte.es\/techniques\/"},"modified":"2025-02-26T11:25:20","modified_gmt":"2025-02-26T10:25:20","slug":"techniques","status":"publish","type":"page","link":"https:\/\/epte.es\/en\/techniques\/","title":{"rendered":"Techniques"},"content":{"rendered":"\t\t<div data-elementor-type=\"wp-page\" data-elementor-id=\"2557\" class=\"elementor elementor-2557 elementor-1200\" data-elementor-post-type=\"page\">\n\t\t\t\t\t\t<section class=\"elementor-section elementor-top-section elementor-element elementor-element-6d9c6851 elementor-section-boxed elementor-section-height-default elementor-section-height-default\" data-id=\"6d9c6851\" data-element_type=\"section\" data-e-type=\"section\" data-settings=\"{&quot;background_background&quot;:&quot;gradient&quot;}\">\n\t\t\t\t\t\t<div class=\"elementor-container elementor-column-gap-default\">\n\t\t\t\t\t<div class=\"elementor-column elementor-col-100 elementor-top-column elementor-element elementor-element-68d63693\" data-id=\"68d63693\" data-element_type=\"column\" data-e-type=\"column\">\n\t\t\t<div class=\"elementor-widget-wrap elementor-element-populated\">\n\t\t\t\t\t\t<section class=\"elementor-section elementor-inner-section elementor-element elementor-element-6c1e57d4 elementor-section-boxed elementor-section-height-default elementor-section-height-default\" data-id=\"6c1e57d4\" data-element_type=\"section\" data-e-type=\"section\">\n\t\t\t\t\t\t<div class=\"elementor-container elementor-column-gap-default\">\n\t\t\t\t\t<div class=\"elementor-column elementor-col-100 elementor-inner-column elementor-element elementor-element-87e364f\" data-id=\"87e364f\" data-element_type=\"column\" data-e-type=\"column\">\n\t\t\t<div class=\"elementor-widget-wrap elementor-element-populated\">\n\t\t\t\t\t\t<div class=\"elementor-element elementor-element-32aaf1b0 elementor-widget elementor-widget-elementskit-heading\" data-id=\"32aaf1b0\" data-element_type=\"widget\" data-e-type=\"widget\" data-widget_type=\"elementskit-heading.default\">\n\t\t\t\t<div class=\"elementor-widget-container\">\n\t\t\t\t\t<div class=\"ekit-wid-con\" ><div class=\"ekit-heading elementskit-section-title-wraper text_left   ekit_heading_tablet-   ekit_heading_mobile-\"><h1 class=\"ekit-heading--title elementskit-section-title \">Techniques<\/h1>\t\t\t\t<div class='ekit-heading__description'>\n\t\t\t\t\t<p>They allow a wide variety of pathologies to be addressed through direct intervention in the nervous system.<\/p>\n<p><strong>What is global neuromodulation?<\/strong><br \/>Global neuromodulation is based on the integration of therapeutic strategies that use invasive techniques to intervene in the central and peripheral nervous system. This approach is designed to provide healthcare professionals with effective and safe tools that enable them to treat complex neurological dysfunctions, significantly improving patients' quality of life. Thanks to their versatility, these techniques can be adapted to various clinical needs, optimizing therapeutic results in multiple pathologies.<\/p>\n\t\t\t\t<\/div>\n\t\t\t<\/div><\/div>\t\t\t\t<\/div>\n\t\t\t\t<\/div>\n\t\t\t\t\t<\/div>\n\t\t<\/div>\n\t\t\t\t\t<\/div>\n\t\t<\/section>\n\t\t\t\t\t<\/div>\n\t\t<\/div>\n\t\t\t\t\t<\/div>\n\t\t<\/section>\n\t\t\t\t<section class=\"elementor-section elementor-top-section elementor-element elementor-element-4a0b62e elementor-reverse-tablet elementor-reverse-mobile elementor-section-boxed elementor-section-height-default elementor-section-height-default\" data-id=\"4a0b62e\" data-element_type=\"section\" data-e-type=\"section\" data-settings=\"{&quot;background_background&quot;:&quot;classic&quot;}\">\n\t\t\t\t\t\t\t<div class=\"elementor-background-overlay\"><\/div>\n\t\t\t\t\t\t\t<div class=\"elementor-container elementor-column-gap-default\">\n\t\t\t\t\t<div class=\"elementor-column elementor-col-100 elementor-top-column elementor-element elementor-element-3a3c3a9e\" data-id=\"3a3c3a9e\" data-element_type=\"column\" data-e-type=\"column\">\n\t\t\t<div class=\"elementor-widget-wrap\">\n\t\t\t\t\t\t\t<\/div>\n\t\t<\/div>\n\t\t\t\t\t<\/div>\n\t\t<\/section>\n\t\t\t\t<section class=\"elementor-section elementor-top-section elementor-element elementor-element-357bd0ee elementor-section-boxed elementor-section-height-default elementor-section-height-default\" data-id=\"357bd0ee\" data-element_type=\"section\" data-e-type=\"section\" data-settings=\"{&quot;background_background&quot;:&quot;classic&quot;}\">\n\t\t\t\t\t\t<div class=\"elementor-container elementor-column-gap-default\">\n\t\t\t\t\t<div class=\"elementor-column elementor-col-100 elementor-top-column elementor-element elementor-element-68242b5\" data-id=\"68242b5\" data-element_type=\"column\" data-e-type=\"column\">\n\t\t\t<div class=\"elementor-widget-wrap elementor-element-populated\">\n\t\t\t\t\t\t<section class=\"elementor-section elementor-inner-section elementor-element elementor-element-324117d elementor-section-full_width elementor-section-height-default elementor-section-height-default\" data-id=\"324117d\" data-element_type=\"section\" data-e-type=\"section\">\n\t\t\t\t\t\t<div class=\"elementor-container elementor-column-gap-no\">\n\t\t\t\t\t<div class=\"elementor-column elementor-col-50 elementor-inner-column elementor-element elementor-element-32e8162f\" data-id=\"32e8162f\" data-element_type=\"column\" data-e-type=\"column\">\n\t\t\t<div class=\"elementor-widget-wrap elementor-element-populated\">\n\t\t\t\t\t\t<div class=\"elementor-element elementor-element-39704361 ekit-equal-height-disable elementor-widget elementor-widget-elementskit-image-box\" data-id=\"39704361\" data-element_type=\"widget\" data-e-type=\"widget\" data-widget_type=\"elementskit-image-box.default\">\n\t\t\t\t<div class=\"elementor-widget-container\">\n\t\t\t\t\t<div class=\"ekit-wid-con\" >\n            <div class=\"elementskit-info-image-box ekit-image-box text-left simple-card\" >\n\n                <a href=\"https:\/\/epte.es\/electrolisis-percutanea-terapeutica-epte\/\">\n                <div class=\"elementskit-box-header image-box-img-left\">\n\n                    <img fetchpriority=\"high\" decoding=\"async\" width=\"2500\" height=\"1667\" src=\"https:\/\/epte.es\/wp-content\/uploads\/2025\/01\/Diseno-sin-titulo-14.jpg\" class=\"attachment-full size-full wp-image-969\" alt=\"Aplicaci\u00f3n de t\u00e9cnica EPTE\u00ae con ecograf\u00eda en tratamiento de lesi\u00f3n musculoesquel\u00e9tica en pierna\" srcset=\"https:\/\/epte.es\/wp-content\/uploads\/2025\/01\/Diseno-sin-titulo-14.jpg 2500w, https:\/\/epte.es\/wp-content\/uploads\/2025\/01\/Diseno-sin-titulo-14-300x200.jpg 300w, https:\/\/epte.es\/wp-content\/uploads\/2025\/01\/Diseno-sin-titulo-14-1024x683.jpg 1024w, https:\/\/epte.es\/wp-content\/uploads\/2025\/01\/Diseno-sin-titulo-14-768x512.jpg 768w, https:\/\/epte.es\/wp-content\/uploads\/2025\/01\/Diseno-sin-titulo-14-1536x1024.jpg 1536w, https:\/\/epte.es\/wp-content\/uploads\/2025\/01\/Diseno-sin-titulo-14-2048x1366.jpg 2048w\" sizes=\"(max-width: 2500px) 100vw, 2500px\" \/>\n                <\/div>\n                <\/a>\n                <div class=\"elementskit-box-body ekit-image-box-body\">\n                    <div class=\"elementskit-box-content ekit-image-box-body-inner\">\n                                                <h2 class=\"elementskit-info-box-title\">\n\n                        Therapeutic Percutaneous Electrolysis\n                        \n                    <\/h2>\n                                                        <\/div>\n\n                            <\/div>\n            <\/div>\n    <\/div>\t\t\t\t<\/div>\n\t\t\t\t<\/div>\n\t\t\t\t<div class=\"elementor-element elementor-element-673f9b1e elementor-align-left elementor-widget elementor-widget-button\" data-id=\"673f9b1e\" data-element_type=\"widget\" data-e-type=\"widget\" data-widget_type=\"button.default\">\n\t\t\t\t<div class=\"elementor-widget-container\">\n\t\t\t\t\t\t\t\t\t<div class=\"elementor-button-wrapper\">\n\t\t\t\t\t<a class=\"elementor-button elementor-button-link elementor-size-sm\" href=\"https:\/\/epte.es\/electrolisis-percutanea-terapeutica-epte\/\">\n\t\t\t\t\t\t<span class=\"elementor-button-content-wrapper\">\n\t\t\t\t\t\t\t\t\t<span class=\"elementor-button-text\">More information<\/span>\n\t\t\t\t\t<\/span>\n\t\t\t\t\t<\/a>\n\t\t\t\t<\/div>\n\t\t\t\t\t\t\t\t<\/div>\n\t\t\t\t<\/div>\n\t\t\t\t\t<\/div>\n\t\t<\/div>\n\t\t\t\t<div class=\"elementor-column elementor-col-50 elementor-inner-column elementor-element elementor-element-7c5a618d\" data-id=\"7c5a618d\" data-element_type=\"column\" data-e-type=\"column\">\n\t\t\t<div class=\"elementor-widget-wrap elementor-element-populated\">\n\t\t\t\t\t\t<div class=\"elementor-element elementor-element-149b9b4a ekit-equal-height-disable elementor-widget elementor-widget-elementskit-image-box\" data-id=\"149b9b4a\" data-element_type=\"widget\" data-e-type=\"widget\" data-widget_type=\"elementskit-image-box.default\">\n\t\t\t\t<div class=\"elementor-widget-container\">\n\t\t\t\t\t<div class=\"ekit-wid-con\" >\n            <div class=\"elementskit-info-image-box ekit-image-box text-left simple-card\" >\n\n                <a href=\"https:\/\/epte.es\/neuromodulacion-percutanea-nmp\/\">\n                <div class=\"elementskit-box-header image-box-img-left\">\n\n                    <img decoding=\"async\" width=\"2560\" height=\"1707\" src=\"https:\/\/epte.es\/wp-content\/uploads\/2024\/12\/D5A0123-scaled.jpg\" class=\"attachment-full size-full wp-image-374\" alt=\"paciente con EPTE Bipolar System\" srcset=\"https:\/\/epte.es\/wp-content\/uploads\/2024\/12\/D5A0123-scaled.jpg 2560w, https:\/\/epte.es\/wp-content\/uploads\/2024\/12\/D5A0123-300x200.jpg 300w, https:\/\/epte.es\/wp-content\/uploads\/2024\/12\/D5A0123-1024x683.jpg 1024w, https:\/\/epte.es\/wp-content\/uploads\/2024\/12\/D5A0123-768x512.jpg 768w, https:\/\/epte.es\/wp-content\/uploads\/2024\/12\/D5A0123-1536x1024.jpg 1536w, https:\/\/epte.es\/wp-content\/uploads\/2024\/12\/D5A0123-2048x1365.jpg 2048w\" sizes=\"(max-width: 2560px) 100vw, 2560px\" \/>\n                <\/div>\n                <\/a>\n                <div class=\"elementskit-box-body ekit-image-box-body\">\n                    <div class=\"elementskit-box-content ekit-image-box-body-inner\">\n                                                <h2 class=\"elementskit-info-box-title\">\n\n                        Percutaneous neuromodulation\n                        \n                    <\/h2>\n                                                        <\/div>\n\n                            <\/div>\n            <\/div>\n    <\/div>\t\t\t\t<\/div>\n\t\t\t\t<\/div>\n\t\t\t\t<div class=\"elementor-element elementor-element-4fd9e796 elementor-widget elementor-widget-button\" data-id=\"4fd9e796\" data-element_type=\"widget\" data-e-type=\"widget\" data-widget_type=\"button.default\">\n\t\t\t\t<div class=\"elementor-widget-container\">\n\t\t\t\t\t\t\t\t\t<div class=\"elementor-button-wrapper\">\n\t\t\t\t\t<a class=\"elementor-button elementor-button-link elementor-size-sm\" href=\"https:\/\/epte.es\/neuromodulacion-percutanea-nmp\/\">\n\t\t\t\t\t\t<span class=\"elementor-button-content-wrapper\">\n\t\t\t\t\t\t\t\t\t<span class=\"elementor-button-text\">More information<\/span>\n\t\t\t\t\t<\/span>\n\t\t\t\t\t<\/a>\n\t\t\t\t<\/div>\n\t\t\t\t\t\t\t\t<\/div>\n\t\t\t\t<\/div>\n\t\t\t\t\t<\/div>\n\t\t<\/div>\n\t\t\t\t\t<\/div>\n\t\t<\/section>\n\t\t\t\t\t<\/div>\n\t\t<\/div>\n\t\t\t\t\t<\/div>\n\t\t<\/section>\n\t\t\t\t<\/div>\n\t\t","protected":false},"excerpt":{"rendered":"<p>Techniques They allow a wide variety of pathologies to be addressed through direct intervention in the nervous system. What is global neuromodulation?Global neuromodulation is based on the integration of therapeutic strategies that use invasive techniques to intervene in the central and peripheral nervous system. This approach is designed to provide healthcare professionals with effective and [&hellip;]<\/p>\n","protected":false},"author":1,"featured_media":0,"parent":0,"menu_order":0,"comment_status":"closed","ping_status":"closed","template":"","meta":{"footnotes":""},"class_list":["post-2557","page","type-page","status-publish","hentry"],"yoast_head":"<!-- This site is optimized with the Yoast SEO plugin v27.4 - https:\/\/yoast.com\/product\/yoast-seo-wordpress\/ -->\n<title>Global Neuromodulation Techniques | Ionclinics<\/title>\n<meta name=\"description\" content=\"We work with global neuromodulation techniques to treat complex neurological dysfunctions and improve your quality of life.\" \/>\n<meta name=\"robots\" content=\"index, follow, max-snippet:-1, max-image-preview:large, max-video-preview:-1\" \/>\n<link rel=\"canonical\" href=\"https:\/\/epte.es\/en\/techniques\/\" \/>\n<meta property=\"og:locale\" content=\"en_US\" \/>\n<meta property=\"og:type\" content=\"article\" \/>\n<meta property=\"og:title\" content=\"Global Neuromodulation Techniques | Ionclinics\" \/>\n<meta property=\"og:description\" content=\"We work with global neuromodulation techniques to treat complex neurological dysfunctions and improve your quality of life.\" \/>\n<meta property=\"og:url\" content=\"https:\/\/epte.es\/en\/techniques\/\" \/>\n<meta property=\"og:site_name\" content=\"EPTE\" \/>\n<meta property=\"article:modified_time\" content=\"2025-02-26T10:25:20+00:00\" \/>\n<meta property=\"og:image\" content=\"https:\/\/epte.es\/wp-content\/uploads\/2025\/01\/Diseno-sin-titulo-14.jpg\" \/>\n\t<meta property=\"og:image:width\" content=\"2500\" \/>\n\t<meta property=\"og:image:height\" content=\"1667\" \/>\n\t<meta property=\"og:image:type\" content=\"image\/jpeg\" \/>\n<meta name=\"twitter:card\" content=\"summary_large_image\" \/>\n<meta name=\"twitter:label1\" content=\"Est. reading time\" \/>\n\t<meta name=\"twitter:data1\" content=\"1 minute\" \/>\n<script type=\"application\/ld+json\" class=\"yoast-schema-graph\">{\"@context\":\"https:\\\/\\\/schema.org\",\"@graph\":[{\"@type\":\"WebPage\",\"@id\":\"https:\\\/\\\/epte.es\\\/en\\\/techniques\\\/\",\"url\":\"https:\\\/\\\/epte.es\\\/en\\\/techniques\\\/\",\"name\":\"Global Neuromodulation Techniques | Ionclinics\",\"isPartOf\":{\"@id\":\"https:\\\/\\\/epte.es\\\/en\\\/#website\"},\"primaryImageOfPage\":{\"@id\":\"https:\\\/\\\/epte.es\\\/en\\\/techniques\\\/#primaryimage\"},\"image\":{\"@id\":\"https:\\\/\\\/epte.es\\\/en\\\/techniques\\\/#primaryimage\"},\"thumbnailUrl\":\"https:\\\/\\\/epte.es\\\/wp-content\\\/uploads\\\/2025\\\/01\\\/Diseno-sin-titulo-14.jpg\",\"datePublished\":\"2025-01-17T12:57:35+00:00\",\"dateModified\":\"2025-02-26T10:25:20+00:00\",\"description\":\"We work with global neuromodulation techniques to treat complex neurological dysfunctions and improve your quality of life.\",\"breadcrumb\":{\"@id\":\"https:\\\/\\\/epte.es\\\/en\\\/techniques\\\/#breadcrumb\"},\"inLanguage\":\"en-US\",\"potentialAction\":[{\"@type\":\"ReadAction\",\"target\":[\"https:\\\/\\\/epte.es\\\/en\\\/techniques\\\/\"]}]},{\"@type\":\"ImageObject\",\"inLanguage\":\"en-US\",\"@id\":\"https:\\\/\\\/epte.es\\\/en\\\/techniques\\\/#primaryimage\",\"url\":\"https:\\\/\\\/epte.es\\\/wp-content\\\/uploads\\\/2025\\\/01\\\/Diseno-sin-titulo-14.jpg\",\"contentUrl\":\"https:\\\/\\\/epte.es\\\/wp-content\\\/uploads\\\/2025\\\/01\\\/Diseno-sin-titulo-14.jpg\"},{\"@type\":\"BreadcrumbList\",\"@id\":\"https:\\\/\\\/epte.es\\\/en\\\/techniques\\\/#breadcrumb\",\"itemListElement\":[{\"@type\":\"ListItem\",\"position\":1,\"name\":\"Portada\",\"item\":\"https:\\\/\\\/epte.es\\\/en\\\/\"},{\"@type\":\"ListItem\",\"position\":2,\"name\":\"Techniques\"}]},{\"@type\":\"WebSite\",\"@id\":\"https:\\\/\\\/epte.es\\\/en\\\/#website\",\"url\":\"https:\\\/\\\/epte.es\\\/en\\\/\",\"name\":\"EPTE\",\"description\":\"\",\"publisher\":{\"@id\":\"https:\\\/\\\/epte.es\\\/en\\\/#organization\"},\"potentialAction\":[{\"@type\":\"SearchAction\",\"target\":{\"@type\":\"EntryPoint\",\"urlTemplate\":\"https:\\\/\\\/epte.es\\\/en\\\/?s={search_term_string}\"},\"query-input\":{\"@type\":\"PropertyValueSpecification\",\"valueRequired\":true,\"valueName\":\"search_term_string\"}}],\"inLanguage\":\"en-US\"},{\"@type\":\"Organization\",\"@id\":\"https:\\\/\\\/epte.es\\\/en\\\/#organization\",\"name\":\"EPTE\",\"url\":\"https:\\\/\\\/epte.es\\\/en\\\/\",\"logo\":{\"@type\":\"ImageObject\",\"inLanguage\":\"en-US\",\"@id\":\"https:\\\/\\\/epte.es\\\/en\\\/#\\\/schema\\\/logo\\\/image\\\/\",\"url\":\"https:\\\/\\\/epte.es\\\/wp-content\\\/uploads\\\/2024\\\/10\\\/Diseno-sin-titulo-11.jpg\",\"contentUrl\":\"https:\\\/\\\/epte.es\\\/wp-content\\\/uploads\\\/2024\\\/10\\\/Diseno-sin-titulo-11.jpg\",\"width\":406,\"height\":126,\"caption\":\"EPTE\"},\"image\":{\"@id\":\"https:\\\/\\\/epte.es\\\/en\\\/#\\\/schema\\\/logo\\\/image\\\/\"}}]}<\/script>\n<!-- \/ Yoast SEO plugin. -->","yoast_head_json":{"title":"Global Neuromodulation Techniques | Ionclinics","description":"We work with global neuromodulation techniques to treat complex neurological dysfunctions and improve your quality of life.","robots":{"index":"index","follow":"follow","max-snippet":"max-snippet:-1","max-image-preview":"max-image-preview:large","max-video-preview":"max-video-preview:-1"},"canonical":"https:\/\/epte.es\/en\/techniques\/","og_locale":"en_US","og_type":"article","og_title":"Global Neuromodulation Techniques | Ionclinics","og_description":"We work with global neuromodulation techniques to treat complex neurological dysfunctions and improve your quality of life.","og_url":"https:\/\/epte.es\/en\/techniques\/","og_site_name":"EPTE","article_modified_time":"2025-02-26T10:25:20+00:00","og_image":[{"width":2500,"height":1667,"url":"https:\/\/epte.es\/wp-content\/uploads\/2025\/01\/Diseno-sin-titulo-14.jpg","type":"image\/jpeg"}],"twitter_card":"summary_large_image","twitter_misc":{"Est. reading time":"1 minute"},"schema":{"@context":"https:\/\/schema.org","@graph":[{"@type":"WebPage","@id":"https:\/\/epte.es\/en\/techniques\/","url":"https:\/\/epte.es\/en\/techniques\/","name":"Global Neuromodulation Techniques | Ionclinics","isPartOf":{"@id":"https:\/\/epte.es\/en\/#website"},"primaryImageOfPage":{"@id":"https:\/\/epte.es\/en\/techniques\/#primaryimage"},"image":{"@id":"https:\/\/epte.es\/en\/techniques\/#primaryimage"},"thumbnailUrl":"https:\/\/epte.es\/wp-content\/uploads\/2025\/01\/Diseno-sin-titulo-14.jpg","datePublished":"2025-01-17T12:57:35+00:00","dateModified":"2025-02-26T10:25:20+00:00","description":"We work with global neuromodulation techniques to treat complex neurological dysfunctions and improve your quality of life.","breadcrumb":{"@id":"https:\/\/epte.es\/en\/techniques\/#breadcrumb"},"inLanguage":"en-US","potentialAction":[{"@type":"ReadAction","target":["https:\/\/epte.es\/en\/techniques\/"]}]},{"@type":"ImageObject","inLanguage":"en-US","@id":"https:\/\/epte.es\/en\/techniques\/#primaryimage","url":"https:\/\/epte.es\/wp-content\/uploads\/2025\/01\/Diseno-sin-titulo-14.jpg","contentUrl":"https:\/\/epte.es\/wp-content\/uploads\/2025\/01\/Diseno-sin-titulo-14.jpg"},{"@type":"BreadcrumbList","@id":"https:\/\/epte.es\/en\/techniques\/#breadcrumb","itemListElement":[{"@type":"ListItem","position":1,"name":"Portada","item":"https:\/\/epte.es\/en\/"},{"@type":"ListItem","position":2,"name":"Techniques"}]},{"@type":"WebSite","@id":"https:\/\/epte.es\/en\/#website","url":"https:\/\/epte.es\/en\/","name":"EPTE","description":"","publisher":{"@id":"https:\/\/epte.es\/en\/#organization"},"potentialAction":[{"@type":"SearchAction","target":{"@type":"EntryPoint","urlTemplate":"https:\/\/epte.es\/en\/?s={search_term_string}"},"query-input":{"@type":"PropertyValueSpecification","valueRequired":true,"valueName":"search_term_string"}}],"inLanguage":"en-US"},{"@type":"Organization","@id":"https:\/\/epte.es\/en\/#organization","name":"EPTE","url":"https:\/\/epte.es\/en\/","logo":{"@type":"ImageObject","inLanguage":"en-US","@id":"https:\/\/epte.es\/en\/#\/schema\/logo\/image\/","url":"https:\/\/epte.es\/wp-content\/uploads\/2024\/10\/Diseno-sin-titulo-11.jpg","contentUrl":"https:\/\/epte.es\/wp-content\/uploads\/2024\/10\/Diseno-sin-titulo-11.jpg","width":406,"height":126,"caption":"EPTE"},"image":{"@id":"https:\/\/epte.es\/en\/#\/schema\/logo\/image\/"}}]}},"_links":{"self":[{"href":"https:\/\/epte.es\/en\/wp-json\/wp\/v2\/pages\/2557","targetHints":{"allow":["GET"]}}],"collection":[{"href":"https:\/\/epte.es\/en\/wp-json\/wp\/v2\/pages"}],"about":[{"href":"https:\/\/epte.es\/en\/wp-json\/wp\/v2\/types\/page"}],"author":[{"embeddable":true,"href":"https:\/\/epte.es\/en\/wp-json\/wp\/v2\/users\/1"}],"replies":[{"embeddable":true,"href":"https:\/\/epte.es\/en\/wp-json\/wp\/v2\/comments?post=2557"}],"version-history":[{"count":1,"href":"https:\/\/epte.es\/en\/wp-json\/wp\/v2\/pages\/2557\/revisions"}],"predecessor-version":[{"id":2559,"href":"https:\/\/epte.es\/en\/wp-json\/wp\/v2\/pages\/2557\/revisions\/2559"}],"wp:attachment":[{"href":"https:\/\/epte.es\/en\/wp-json\/wp\/v2\/media?parent=2557"}],"curies":[{"name":"wp","href":"https:\/\/api.w.org\/{rel}","templated":true}]}}